{"id":418,"date":"2021-05-09T15:08:09","date_gmt":"2021-05-09T19:08:09","guid":{"rendered":"http:\/\/intranet.diputados.bo\/?page_id=418"},"modified":"2021-09-23T16:52:52","modified_gmt":"2021-09-23T20:52:52","slug":"marco-normativo2","status":"publish","type":"page","link":"https:\/\/intranet.diputados.bo\/index.php\/marco-normativo2\/","title":{"rendered":"Marco Normativo2"},"content":{"rendered":"<h3>Marco Normativo de la C\u00e1mara de Diputados<\/h3>\n<p>\t\t\t\t\t\t\t\t\t<img decoding=\"async\" data-toggle=\"premium-modal\" data-target=\"#premium-modal-5c5e7cc\" src=\"http:\/\/intranet2.diputados.bo\/wp-content\/uploads\/2021\/06\/imgcpe-1.png\" alt=\"imgcpe\"><\/p>\n<p><iframe src=\"http:\/\/intranet2.diputados.bo\/wp-content\/uploads\/2021\/06\/cpe.pdf\" width=\"100%\" height=\"400px\"><br \/><\/iframe><\/p>\n<style>\n\t\t\t\t\t<\/style>\n<h6>Constituci\u00f3n Pol\u00edtica del Estado<\/h6>\n<p>\t\t\t\t\t\t\t\t\t<img decoding=\"async\" data-toggle=\"premium-modal\" data-target=\"#premium-modal-815c848\" src=\"http:\/\/intranet2.diputados.bo\/wp-content\/uploads\/2021\/06\/imgefp.png\" alt=\"imgefp\"><\/p>\n<p><iframe src=\"http:\/\/intranet2.diputados.bo\/wp-content\/uploads\/2021\/06\/estatutofuncionariopublico.pdf\" width=\"100%\" height=\"400px\"><br \/><\/iframe><\/p>\n<style>\n\t\t\t\t\t<\/style>\n<h6>Estatuto del Funcionario P\u00fablico<\/h6>\n<p>\t\t\t\t\t\t\t\t\t<img decoding=\"async\" data-toggle=\"premium-modal\" data-target=\"#premium-modal-5cc6935\" src=\"http:\/\/intranet2.diputados.bo\/wp-content\/uploads\/2021\/06\/imgregralcd.png\" alt=\"imgregralcd\"><\/p>\n<p><iframe src=\"http:\/\/intranet2.diputados.bo\/wp-content\/uploads\/2021\/06\/reglamentogralcd.pdf\" width=\"100%\" height=\"400px\"><br \/><\/iframe><\/p>\n<style>\n\t\t\t\t\t<\/style>\n<h6>Reglamento General de la C\u00e1mara de Diputados<\/h6>\n<h3>Recursos Humanos &#8211; Formularios<\/h3>\n<p>\t\t\t\t\t\t\t\t\t<img decoding=\"async\" data-toggle=\"premium-modal\" data-target=\"#premium-modal-1e8aa52\" src=\"http:\/\/intranet2.diputados.bo\/wp-content\/uploads\/2021\/06\/imgpermisosylicencias.png\" alt=\"imgpermisosylicencias\"><\/p>\n<p><iframe src=\"http:\/\/intranet2.diputados.bo\/wp-content\/uploads\/2021\/06\/formpermisos2016.pdf\" width=\"100%\" height=\"400px\"><br \/><\/iframe><\/p>\n<style>\n\t\t\t\t\t<\/style>\n<h6>Permisos y\/o Licencias<\/h6>\n<p>\t\t\t\t\t\t\t\t\t<img decoding=\"async\" data-toggle=\"premium-modal\" data-target=\"#premium-modal-f2dc484\" src=\"http:\/\/intranet2.diputados.bo\/wp-content\/uploads\/2021\/06\/imgpermisoscargovacacion.png\" alt=\"imgpermisoscargovacacion\"><\/p>\n<p><iframe src=\"http:\/\/intranet2.diputados.bo\/wp-content\/uploads\/2021\/06\/permiso-vacacion.pdf\" width=\"100%\" height=\"400px\"><br \/><\/iframe><\/p>\n<style>\n\t\t\t\t\t<\/style>\n<h6>Permiso Personal con Cargo a Vacaci\u00f3n<\/h6>\n<p>\t\t\t\t\t\t\t\t\t<img decoding=\"async\" data-toggle=\"premium-modal\" data-target=\"#premium-modal-5006968\" src=\"http:\/\/intranet2.diputados.bo\/wp-content\/uploads\/2021\/06\/imgpermisosfinespersonales.png\" alt=\"imgpermisosfinespersonales\"><\/p>\n<p><iframe src=\"http:\/\/intranet2.diputados.bo\/wp-content\/uploads\/2021\/06\/permiso-horas.pdf\" width=\"100%\" height=\"400px\"><br \/><\/iframe><\/p>\n<style>\n\t\t\t\t\t<\/style>\n<h6>Permiso Personal con Goce de Haberes<\/h6>\n<p>\t\t\t\t\t\t\t\t\t<img decoding=\"async\" data-toggle=\"premium-modal\" data-target=\"#premium-modal-4134a66\" src=\"http:\/\/intranet2.diputados.bo\/wp-content\/uploads\/2021\/06\/imgSalidasMomentaneas.png\" alt=\"imgSalidasMomentaneas\"><\/p>\n<p><iframe src=\"http:\/\/intranet2.diputados.bo\/wp-content\/uploads\/2021\/06\/Salidas.pdf\" width=\"100%\" height=\"400px\"><br \/><\/iframe><\/p>\n<style>\n\t\t\t\t\t<\/style>\n<h6>Salidas Moment\u00e1neas<\/h6>\n<p>\t\t\t\t\t\t\t\t\t<img decoding=\"async\" data-toggle=\"premium-modal\" data-target=\"#premium-modal-3079ed3\" src=\"http:\/\/intranet2.diputados.bo\/wp-content\/uploads\/2021\/06\/imgOrganigramaEscSalarial.png\" alt=\"imgOrganigramaEscSalarial\"><\/p>\n<p><iframe src=\"http:\/\/intranet2.diputados.bo\/wp-content\/uploads\/2021\/06\/organigrama.pdf\" width=\"100%\" height=\"400px\"><br \/><\/iframe><\/p>\n<style>\n\t\t\t\t\t<\/style>\n<h6>Organigrama y Escala Salarial<\/h6>\n<p>\t\t\t\t\t\t\t\t\t<img decoding=\"async\" data-toggle=\"premium-modal\" data-target=\"#premium-modal-34bac49\" src=\"http:\/\/intranet2.diputados.bo\/wp-content\/uploads\/2021\/06\/imgHojaVida.png\" alt=\"imgHojaVida\"><\/p>\n<p><iframe src=\"http:\/\/intranet2.diputados.bo\/wp-content\/uploads\/2021\/06\/hoja_vida_resumida.pdf\" width=\"100%\" height=\"400px\"><br \/><\/iframe><\/p>\n<style>\n\t\t\t\t\t<\/style>\n<h6>Formulario Hoja de Vida<\/h6>\n<p>\t\t\t\t\t\t\t\t\t<img decoding=\"async\" data-toggle=\"premium-modal\" data-target=\"#premium-modal-e0f0c40\" src=\"http:\/\/intranet2.diputados.bo\/wp-content\/uploads\/2021\/06\/imgCroquisDomicilio.png\" alt=\"imgCroquisDomicilio\"><\/p>\n<p><iframe src=\"http:\/\/intranet2.diputados.bo\/wp-content\/uploads\/2021\/06\/CROQUIS.pdf\" width=\"100%\" height=\"400px\"><br \/><\/iframe><\/p>\n<style>\n\t\t\t\t\t<\/style>\n<h6>Croquis Domicilio<\/h6>\n<p>\t\t\t\t\t\t\t\t\t<img decoding=\"async\" data-toggle=\"premium-modal\" data-target=\"#premium-modal-f4328d8\" src=\"http:\/\/intranet2.diputados.bo\/wp-content\/uploads\/2021\/06\/imgDeclaracionJurada.png\" alt=\"imgDeclaracionJurada\"><\/p>\n<p><iframe src=\"http:\/\/intranet2.diputados.bo\/wp-content\/uploads\/2021\/06\/dj2019-1.pdf\" width=\"100%\" height=\"400px\"><br \/><\/iframe><\/p>\n<style>\n\t\t\t\t\t<\/style>\n<h6>Declaraci\u00f3n Jurada<\/h6>\n<p>\t\t\t\t\t\t\t\t\t<img decoding=\"async\" data-toggle=\"premium-modal\" data-target=\"#premium-modal-56f4dcf\" src=\"http:\/\/intranet2.diputados.bo\/wp-content\/uploads\/2021\/06\/imgDocumentosIngreso.png\" alt=\"imgDocumentosIngreso\"><\/p>\n<p><iframe src=\"http:\/\/intranet2.diputados.bo\/wp-content\/uploads\/2021\/06\/ingreso2019.pdf\" width=\"100%\" height=\"400px\"><br \/><\/iframe><\/p>\n<style>\n\t\t\t\t\t<\/style>\n<h6>Documentos de Ingreso<\/h6>\n<p>\t\t\t\t\t\t\t\t\t\t\t\t\t\t\t\t<a href=\"https:\/\/intranet.diputados.bo\/wp-content\/uploads\/2021\/06\/alta_baja_leg16.docx\"><br \/>\n\t\t\t\t\t\t\t<img loading=\"lazy\" decoding=\"async\" width=\"658\" height=\"658\" src=\"https:\/\/intranet.diputados.bo\/wp-content\/uploads\/2021\/06\/imgSolicitudAltaBaja.png\" alt=\"\" loading=\"lazy\" \/>\t\t\t\t\t\t\t\t<\/a><\/p>\n<h6>Altas y Bajas Legislativo<\/h6>\n<p>\t\t\t\t\t\t\t\t\t\t\t\t\t\t\t\t<a href=\"http:\/\/intranet2.diputados.bo\/wp-content\/uploads\/2021\/06\/alta_baja_agp16.docx\"><br \/>\n\t\t\t\t\t\t\t<img loading=\"lazy\" decoding=\"async\" width=\"661\" height=\"661\" src=\"https:\/\/intranet.diputados.bo\/wp-content\/uploads\/2021\/06\/imgSolicitudAltaBajaAGP.png\" alt=\"\" loading=\"lazy\" \/>\t\t\t\t\t\t\t\t<\/a><\/p>\n<h6>Altas y Bajas A.G.P.<\/h6>\n<h3>Direcci\u00f3n Administrativa Financiera<\/h3>\n<p>\t\t\t\t\t\t\t\t\t\t\t\t\t\t\t\t<a href=\"https:\/\/intranet.diputados.bo\/wp-content\/uploads\/2021\/06\/informe-viaje.docx\"><br \/>\n\t\t\t\t\t\t\t<img loading=\"lazy\" decoding=\"async\" width=\"642\" height=\"641\" src=\"https:\/\/intranet.diputados.bo\/wp-content\/uploads\/2021\/06\/imgInformeViaje.png\" alt=\"\" loading=\"lazy\" \/>\t\t\t\t\t\t\t\t<\/a><\/p>\n<h6>Formato Informe de Viaje<\/h6>\n<p>\t\t\t\t\t\t\t\t\t\t\t\t\t\t\t\t<a href=\"https:\/\/intranet.diputados.bo\/wp-content\/uploads\/2021\/09\/INTRUCTIVO_PVGR_05.docx\"><br \/>\n\t\t\t\t\t\t\t<img loading=\"lazy\" decoding=\"async\" width=\"548\" height=\"584\" src=\"https:\/\/intranet.diputados.bo\/wp-content\/uploads\/2021\/09\/pvgr-05.jpg\" alt=\"\" loading=\"lazy\" \/>\t\t\t\t\t\t\t\t<\/a><\/p>\n<h6>PVGR-05<\/h6>\n<p>\t\t\t\t\t\t\t\t\t\t\t\t\t\t\t\t<a href=\"https:\/\/intranet.diputados.bo\/wp-content\/uploads\/2021\/06\/FICS-FVU.doc\"><br \/>\n\t\t\t\t\t\t\t<img loading=\"lazy\" decoding=\"async\" width=\"655\" height=\"655\" src=\"https:\/\/intranet.diputados.bo\/wp-content\/uploads\/2021\/06\/imgDescargoForos.png\" alt=\"\" loading=\"lazy\" \/>\t\t\t\t\t\t\t\t<\/a><\/p>\n<h6>FIC\u00b4S FVU<\/h6>\n<p>\t\t\t\t\t\t\t\t\t\t\t\t\t\t\t\t<a href=\"https:\/\/intranet.diputados.bo\/wp-content\/uploads\/2021\/06\/FORMATO-INFORME-DE-FICS.docx\"><br \/>\n\t\t\t\t\t\t\t<img loading=\"lazy\" decoding=\"async\" width=\"635\" height=\"635\" src=\"https:\/\/intranet.diputados.bo\/wp-content\/uploads\/2021\/06\/imgInformeGastosFIC.png\" alt=\"\" loading=\"lazy\" \/>\t\t\t\t\t\t\t\t<\/a><\/p>\n<h6>Formato Informe FIC\u00b4S<\/h6>\n<p>\t\t\t\t\t\t\t\t\t\t\t\t\t\t\t\t<a href=\"https:\/\/intranet.diputados.bo\/wp-content\/uploads\/2021\/06\/FORMATO-INFORME-DE-FONDO-EN-AVANCE.docx\"><br \/>\n\t\t\t\t\t\t\t<img loading=\"lazy\" decoding=\"async\" width=\"671\" height=\"671\" src=\"https:\/\/intranet.diputados.bo\/wp-content\/uploads\/2021\/06\/imgInformeFondosA.png\" alt=\"\" loading=\"lazy\" \/>\t\t\t\t\t\t\t\t<\/a><\/p>\n<h6>Formato Informe Fondo en Avance<\/h6>\n<p>\t\t\t\t\t\t\t\t\t\t\t\t\t\t\t\t<a href=\"https:\/\/intranet.diputados.bo\/wp-content\/uploads\/2021\/06\/FVU-FONDO-EN-AV.doc\"><br \/>\n\t\t\t\t\t\t\t<img loading=\"lazy\" decoding=\"async\" width=\"652\" height=\"652\" src=\"https:\/\/intranet.diputados.bo\/wp-content\/uploads\/2021\/06\/imgDescargoRendicion.png\" alt=\"\" loading=\"lazy\" \/>\t\t\t\t\t\t\t\t<\/a><\/p>\n<h6>FVU Fondo en Avance<\/h6>\n<p>\t\t\t\t\t\t\t\t\t<img decoding=\"async\" data-toggle=\"premium-modal\" data-target=\"#premium-modal-d07d9c6\" src=\"http:\/\/intranet2.diputados.bo\/wp-content\/uploads\/2021\/06\/imgReciboAlimentacion.png\" alt=\"imgReciboAlimentacion\"><\/p>\n<p><iframe src=\"http:\/\/intranet2.diputados.bo\/wp-content\/uploads\/2021\/06\/ReciboAlimentacion.pdf\" width=\"100%\" height=\"400px\"><br \/><\/iframe><\/p>\n<style>\n\t\t\t\t\t<\/style>\n<h6>Recibo de Alimentaci\u00f3n<\/h6>\n<p>\t\t\t\t\t\t\t\t\t<img decoding=\"async\" data-toggle=\"premium-modal\" data-target=\"#premium-modal-3eae197\" src=\"http:\/\/intranet2.diputados.bo\/wp-content\/uploads\/2021\/06\/imgReciboAlquiler.png\" alt=\"imgReciboAlquiler\"><\/p>\n<p><iframe src=\"http:\/\/intranet2.diputados.bo\/wp-content\/uploads\/2021\/06\/ReciboAlquileres.pdf\" width=\"100%\" height=\"400px\"><br \/><\/iframe><\/p>\n<style>\n\t\t\t\t\t<\/style>\n<h6>Recibo de Alquileres<\/h6>\n","protected":false},"excerpt":{"rendered":"<p>Marco Normativo de la C\u00e1mara de Diputados Constituci\u00f3n Pol\u00edtica del Estado Estatuto del Funcionario P\u00fablico Reglamento General de la C\u00e1mara de Diputados Recursos Humanos &#8211; Formularios Permisos y\/o Licencias Permiso Personal con Cargo a Vacaci\u00f3n Permiso Personal con Goce de Haberes Salidas Moment\u00e1neas Organigrama y Escala Salarial Formulario Hoja de Vida Croquis Domicilio Declaraci\u00f3n Jurada [&hellip;]<\/p>\n","protected":false},"author":1,"featured_media":0,"parent":0,"menu_order":0,"comment_status":"closed","ping_status":"closed","template":"","meta":{"site-sidebar-layout":"no-sidebar","site-content-layout":"page-builder","ast-site-content-layout":"","site-content-style":"default","site-sidebar-style":"default","ast-global-header-display":"","ast-banner-title-visibility":"","ast-main-header-display":"","ast-hfb-above-header-display":"","ast-hfb-below-header-display":"","ast-hfb-mobile-header-display":"","site-post-title":"disabled","ast-breadcrumbs-content":"","ast-featured-img":"disabled","footer-sml-layout":"","theme-transparent-header-meta":"default","adv-header-id-meta":"","stick-header-meta":"","header-above-stick-meta":"","header-main-stick-meta":"","header-below-stick-meta":"","astra-migrate-meta-layouts":"default","ast-page-background-enabled":"default","ast-page-background-meta":{"desktop":{"background-color":"var(--ast-global-color-4)","background-image":"","background-repeat":"repeat","background-position":"center center","background-size":"auto","background-attachment":"scroll","background-type":"","background-media":"","overlay-type":"","overlay-color":"","overlay-opacity":"","overlay-gradient":""},"tablet":{"background-color":"","background-image":"","background-repeat":"repeat","background-position":"center center","background-size":"auto","background-attachment":"scroll","background-type":"","background-media":"","overlay-type":"","overlay-color":"","overlay-opacity":"","overlay-gradient":""},"mobile":{"background-color":"","background-image":"","background-repeat":"repeat","background-position":"center center","background-size":"auto","background-attachment":"scroll","background-type":"","background-media":"","overlay-type":"","overlay-color":"","overlay-opacity":"","overlay-gradient":""}},"ast-content-background-meta":{"desktop":{"background-color":"var(--ast-global-color-5)","background-image":"","background-repeat":"repeat","background-position":"center center","background-size":"auto","background-attachment":"scroll","background-type":"","background-media":"","overlay-type":"","overlay-color":"","overlay-opacity":"","overlay-gradient":""},"tablet":{"background-color":"var(--ast-global-color-5)","background-image":"","background-repeat":"repeat","background-position":"center center","background-size":"auto","background-attachment":"scroll","background-type":"","background-media":"","overlay-type":"","overlay-color":"","overlay-opacity":"","overlay-gradient":""},"mobile":{"background-color":"var(--ast-global-color-5)","background-image":"","background-repeat":"repeat","background-position":"center center","background-size":"auto","background-attachment":"scroll","background-type":"","background-media":"","overlay-type":"","overlay-color":"","overlay-opacity":"","overlay-gradient":""}},"footnotes":""},"class_list":["post-418","page","type-page","status-publish","hentry"],"_links":{"self":[{"href":"https:\/\/intranet.diputados.bo\/index.php\/wp-json\/wp\/v2\/pages\/418","targetHints":{"allow":["GET"]}}],"collection":[{"href":"https:\/\/intranet.diputados.bo\/index.php\/wp-json\/wp\/v2\/pages"}],"about":[{"href":"https:\/\/intranet.diputados.bo\/index.php\/wp-json\/wp\/v2\/types\/page"}],"author":[{"embeddable":true,"href":"https:\/\/intranet.diputados.bo\/index.php\/wp-json\/wp\/v2\/users\/1"}],"replies":[{"embeddable":true,"href":"https:\/\/intranet.diputados.bo\/index.php\/wp-json\/wp\/v2\/comments?post=418"}],"version-history":[{"count":1,"href":"https:\/\/intranet.diputados.bo\/index.php\/wp-json\/wp\/v2\/pages\/418\/revisions"}],"predecessor-version":[{"id":8618,"href":"https:\/\/intranet.diputados.bo\/index.php\/wp-json\/wp\/v2\/pages\/418\/revisions\/8618"}],"wp:attachment":[{"href":"https:\/\/intranet.diputados.bo\/index.php\/wp-json\/wp\/v2\/media?parent=418"}],"curies":[{"name":"wp","href":"https:\/\/api.w.org\/{rel}","templated":true}]}}